{"id":862,"date":"2025-01-27T00:25:47","date_gmt":"2025-01-26T23:25:47","guid":{"rendered":"https:\/\/andrea-oeynhausen.de\/diy\/?page_id=862"},"modified":"2025-06-11T14:17:38","modified_gmt":"2025-06-11T12:17:38","slug":"rosenquarz-halskette","status":"publish","type":"page","link":"https:\/\/andrea-oeynhausen.de\/diy\/vorschau-privat-verkaeufe\/rosenquarz-halskette\/","title":{"rendered":"Rosenquarz-Halskette"},"content":{"rendered":"<p><div class=\"sp-styles-warning\" style=\"width: 450px; background-color: #FFF; color: #F00; border: 1px solid #F00; padding: 10px; font-size: 14px;\">\n\t\t\t<span style=\"font-weight: bold;\">Warning: The stylesheets were not loaded!<\/span> \n\t\t\tYou will need to change the <i>Load stylesheets<\/i> setting from <i>Automatically<\/i> to <i>On homepage<\/i> or <i>On all pages<\/i>. \n\t\t\tYou can set that <a style=\"text-decoration: underline; color: #F00;\" href=\"https:\/\/andrea-oeynhausen.de\/diy\/wp-admin\/admin.php?page=sliderpro-settings\">here<\/a>.\n\t\t\t<\/div>\r\n<div id=\"slider-pro-4\" class=\"slider-pro sp-no-js\" style=\"width: 500px; height: 300px;\">\r\n\t<div class=\"sp-slides\">\r\n\t\t\r\n\t\t<div class=\"sp-slide\">\r\n\t\t\t<a class=\"\" href=\"https:\/\/andrea-oeynhausen.de\/diy\/wp-content\/uploads\/2025\/01\/Rosenquarzkette-u-Schachtel.jpg\" target=\"_self\">\r\n\t\t\t\t<img class=\"sp-image\" src=\"https:\/\/andrea-oeynhausen.de\/diy\/wp-content\/uploads\/2025\/01\/Rosenquarzkette-u-Schachtel.jpg\" width=\"2496\" height=\"2331\" \/>\r\n\t\t\t<\/a>\r\n\t\t\t<img class=\"sp-thumbnail\" src=\"https:\/\/andrea-oeynhausen.de\/diy\/wp-content\/uploads\/2025\/01\/Rosenquarzkette-u-Schachtel-150x140.jpg\" \/>\r\n\t\t<\/div>\r\n\t\t<div class=\"sp-slide\">\r\n\t\t\t<a class=\"\" href=\"https:\/\/andrea-oeynhausen.de\/diy\/wp-content\/uploads\/2025\/01\/Rosenquarzkette-4-scaled.jpg\" target=\"_self\">\r\n\t\t\t\t<img class=\"sp-image\" src=\"https:\/\/andrea-oeynhausen.de\/diy\/wp-content\/uploads\/2025\/01\/Rosenquarzkette-4-scaled.jpg\" alt=\"Rosenquarz-Halskette\" width=\"2560\" height=\"2088\" \/>\r\n\t\t\t<\/a>\r\n\t\t\t<img class=\"sp-thumbnail\" src=\"https:\/\/andrea-oeynhausen.de\/diy\/wp-content\/uploads\/2025\/01\/Rosenquarzkette-4-150x122.jpg\" \/>\r\n\t\t<\/div>\r\n\t\t<div class=\"sp-slide\">\r\n\t\t\t<a class=\"\" href=\"https:\/\/andrea-oeynhausen.de\/diy\/wp-content\/uploads\/2025\/01\/Rosenquarzkette-2-scaled.jpg\" target=\"_self\">\r\n\t\t\t\t<img class=\"sp-image\" src=\"https:\/\/andrea-oeynhausen.de\/diy\/wp-content\/uploads\/2025\/01\/Rosenquarzkette-2-scaled.jpg\" width=\"2560\" height=\"1920\" \/>\r\n\t\t\t<\/a>\r\n\t\t\t<img class=\"sp-thumbnail\" src=\"https:\/\/andrea-oeynhausen.de\/diy\/wp-content\/uploads\/2025\/01\/Rosenquarzkette-2-150x113.jpg\" \/>\r\n\t\t<\/div>\r\n\t\t<div class=\"sp-slide\">\r\n\t\t\t<a class=\"\" href=\"https:\/\/andrea-oeynhausen.de\/diy\/wp-content\/uploads\/2025\/01\/Rosenquarzkette-3-1-scaled.jpg\" target=\"_self\">\r\n\t\t\t\t<img class=\"sp-image\" src=\"https:\/\/andrea-oeynhausen.de\/diy\/wp-content\/uploads\/2025\/01\/Rosenquarzkette-3-1-scaled.jpg\" width=\"2560\" height=\"1575\" \/>\r\n\t\t\t<\/a>\r\n\t\t\t<img class=\"sp-thumbnail\" src=\"https:\/\/andrea-oeynhausen.de\/diy\/wp-content\/uploads\/2025\/01\/Rosenquarzkette-3-1-150x92.jpg\" \/>\r\n\t\t<\/div>\r\n\t\t<div class=\"sp-slide\">\r\n\t\t\t<a class=\"\" href=\"https:\/\/andrea-oeynhausen.de\/diy\/wp-content\/uploads\/2025\/01\/Rosenquarzkette-Stempel-935.jpg\" target=\"_self\">\r\n\t\t\t\t<img class=\"sp-image\" src=\"https:\/\/andrea-oeynhausen.de\/diy\/wp-content\/uploads\/2025\/01\/Rosenquarzkette-Stempel-935.jpg\" width=\"1110\" height=\"874\" \/>\r\n\t\t\t<\/a>\r\n\t\t\t<img class=\"sp-thumbnail\" src=\"https:\/\/andrea-oeynhausen.de\/diy\/wp-content\/uploads\/2025\/01\/Rosenquarzkette-Stempel-935-150x118.jpg\" \/>\r\n\t\t<\/div>\r\n\t<\/div>\r\n<\/div><br>\nZum Vergr\u00f6\u00dfern bitte auf die gro\u00dfen Bilder klicken<strong>\u2191<\/strong><\/p>\n<p>Update Juni 25: Die Kette hat eine sehr liebe, neue Besitzerin gefunden \ud83d\ude42<strong><br>\nAus dem Nachlass meiner Mutter<br>\n<\/strong>Dieser handgearbeitete Schmuck ist bereits \u00fcber 60 Jahre alt, das Silber angelaufen (wie man leicht sehen kann). Falls nicht anders gew\u00fcnscht, belasse ich es auch so, abgesehen von einer schonenden Reinigung. So kann jede\/r nach eigenem Geschmack selbst entscheiden (polieren oder nicht).<\/p>\n<p>L\u00e4nge: 76 cm<br>\nGewicht: 56 cm<br>\nVerschluss: Federring<br>\nStempel: 935 er Silber (hochwertigere Legierung!)<br>\nKettenglieder abwechselnd geh\u00e4mmerte\/glatte Oberfl\u00e4che<br>\nL\u00e4nge der Kettenglieder: ~ 4,5 cm<br>\nAnzahl Rosenquarze: 11<br>\nL\u00e4nge der Steine: ~ 16 &#8211; 18 mm<br>\nH\u00f6he der Steine: ~ 8 &#8211; 11 mm<br>\nTiefe der Steine: ~ 10 mm<br>\nCabochonschliff<\/p>\n<p>Es waren immer ganz besondere Anl\u00e4sse wie die Jahreszeiten-Feste, Geburts- oder Sonntage, an welchen meine Mutter diese Kette trug. \ud83d\ude09<\/p>\n<p><del>Bei Interesse an dem feinen Vintage-Sch\u00e4tzchen bitte bei mir per \u2192<a title=\"an Ajana\" href=\"mailto:aoeynhausen@web.de\" target=\"_blank\" rel=\"nofollow noopener\">eMail <\/a>melden. Gern mit Preisvorstellung*.<\/del><\/p>\n<p>*Update 11.2.25: Jetzt kann das gute St\u00fcck unter <a title=\"https:\/\/www.ebay.de\/itm\/135546995340\" href=\"https:\/\/www.ebay.de\/usr\/ajana4444\/\" target=\"_blank\" rel=\"nofollow noopener\">https:\/\/www.ebay.de\/usr\/ajana4444\/<\/a> erworben werden.<\/p>\n<p><a title=\"Vorschau der Privatverk\u00e4ufe\" href=\"https:\/\/andrea-oeynhausen.de\/diy\/vorschau-privat-verkaeufe\/\" target=\"_blank\" rel=\"nofollow noopener\">\u2190 Zur\u00fcck zur \u00dcbersicht<\/a><\/p>\n<div class=\"shariff shariff-align-flex-start shariff-widget-align-flex-start\" data-services=\"facebook\" data-url=\"https%3A%2F%2Fandrea-oeynhausen.de%2Fdiy%2Fvorschau-privat-verkaeufe%2Frosenquarz-halskette%2F\" data-timestamp=\"1749651458\" data-backendurl=\"https:\/\/andrea-oeynhausen.de\/diy\/wp-json\/shariff\/v1\/share_counts?\"><ul class=\"shariff-buttons theme-round orientation-horizontal buttonsize-small\"><li class=\"shariff-button facebook\" style=\"background-color:#000000\"><a href=\"https:\/\/www.facebook.com\/sharer\/sharer.php?u=https%3A%2F%2Fandrea-oeynhausen.de%2Fdiy%2Fvorschau-privat-verkaeufe%2Frosenquarz-halskette%2F\" title=\"Bei Facebook teilen\" aria-label=\"Bei Facebook teilen\" role=\"button\" rel=\"nofollow\" class=\"shariff-link\" style=\"; background-color:#6699CC; color:#fff\" target=\"_blank\"><span class=\"shariff-icon\" style=\"\"><svg width=\"32px\" height=\"20px\" xmlns=\"http:\/\/www.w3.org\/2000\/svg\" viewBox=\"0 0 18 32\"><path fill=\"#3b5998\" d=\"M17.1 0.2v4.7h-2.8q-1.5 0-2.1 0.6t-0.5 1.9v3.4h5.2l-0.7 5.3h-4.5v13.6h-5.5v-13.6h-4.5v-5.3h4.5v-3.9q0-3.3 1.9-5.2t5-1.8q2.6 0 4.1 0.2z\"\/><\/svg><\/span><\/a><\/li><li class=\"shariff-button linkedin\" style=\"background-color:#000000\"><a href=\"https:\/\/www.linkedin.com\/sharing\/share-offsite\/?url=https%3A%2F%2Fandrea-oeynhausen.de%2Fdiy%2Fvorschau-privat-verkaeufe%2Frosenquarz-halskette%2F\" title=\"Bei LinkedIn teilen\" aria-label=\"Bei LinkedIn teilen\" role=\"button\" rel=\"noopener nofollow\" class=\"shariff-link\" style=\"; background-color:#6699CC; color:#fff\" target=\"_blank\"><span class=\"shariff-icon\" style=\"\"><svg width=\"32px\" height=\"20px\" xmlns=\"http:\/\/www.w3.org\/2000\/svg\" viewBox=\"0 0 27 32\"><path fill=\"#0077b5\" d=\"M6.2 11.2v17.7h-5.9v-17.7h5.9zM6.6 5.7q0 1.3-0.9 2.2t-2.4 0.9h0q-1.5 0-2.4-0.9t-0.9-2.2 0.9-2.2 2.4-0.9 2.4 0.9 0.9 2.2zM27.4 18.7v10.1h-5.9v-9.5q0-1.9-0.7-2.9t-2.3-1.1q-1.1 0-1.9 0.6t-1.2 1.5q-0.2 0.5-0.2 1.4v9.9h-5.9q0-7.1 0-11.6t0-5.3l0-0.9h5.9v2.6h0q0.4-0.6 0.7-1t1-0.9 1.6-0.8 2-0.3q3 0 4.9 2t1.9 6z\"\/><\/svg><\/span><\/a><\/li><li class=\"shariff-button telegram\" style=\"background-color:#000000\"><a href=\"https:\/\/telegram.me\/share\/url?url=https%3A%2F%2Fandrea-oeynhausen.de%2Fdiy%2Fvorschau-privat-verkaeufe%2Frosenquarz-halskette%2F&text=Rosenquarz-Halskette\" title=\"Bei Telegram teilen\" aria-label=\"Bei Telegram teilen\" role=\"button\" rel=\"noopener nofollow\" class=\"shariff-link\" style=\"; background-color:#6699CC; color:#fff\" target=\"_blank\"><span class=\"shariff-icon\" style=\"\"><svg width=\"32px\" height=\"20px\" xmlns=\"http:\/\/www.w3.org\/2000\/svg\" viewBox=\"0 0 32 32\"><path fill=\"#0088cc\" d=\"M30.8 6.5l-4.5 21.4c-.3 1.5-1.2 1.9-2.5 1.2L16.9 24l-3.3 3.2c-.4.4-.7.7-1.4.7l.5-7L25.5 9.2c.6-.5-.1-.8-.9-.3l-15.8 10L2 16.7c-1.5-.5-1.5-1.5.3-2.2L28.9 4.3c1.3-.5 2.3.3 1.9 2.2z\"\/><\/svg><\/span><\/a><\/li><li class=\"shariff-button whatsapp\" style=\"background-color:#000000\"><a href=\"https:\/\/api.whatsapp.com\/send?text=https%3A%2F%2Fandrea-oeynhausen.de%2Fdiy%2Fvorschau-privat-verkaeufe%2Frosenquarz-halskette%2F%20Rosenquarz-Halskette\" title=\"Bei Whatsapp teilen\" aria-label=\"Bei Whatsapp teilen\" role=\"button\" rel=\"noopener nofollow\" class=\"shariff-link\" style=\"; background-color:#6699CC; color:#fff\" target=\"_blank\"><span class=\"shariff-icon\" style=\"\"><svg width=\"32px\" height=\"20px\" xmlns=\"http:\/\/www.w3.org\/2000\/svg\" viewBox=\"0 0 32 32\"><path fill=\"#34af23\" d=\"M17.6 17.4q0.2 0 1.7 0.8t1.6 0.9q0 0.1 0 0.3 0 0.6-0.3 1.4-0.3 0.7-1.3 1.2t-1.8 0.5q-1 0-3.4-1.1-1.7-0.8-3-2.1t-2.6-3.3q-1.3-1.9-1.3-3.5v-0.1q0.1-1.6 1.3-2.8 0.4-0.4 0.9-0.4 0.1 0 0.3 0t0.3 0q0.3 0 0.5 0.1t0.3 0.5q0.1 0.4 0.6 1.6t0.4 1.3q0 0.4-0.6 1t-0.6 0.8q0 0.1 0.1 0.3 0.6 1.3 1.8 2.4 1 0.9 2.7 1.8 0.2 0.1 0.4 0.1 0.3 0 1-0.9t0.9-0.9zM14 26.9q2.3 0 4.3-0.9t3.6-2.4 2.4-3.6 0.9-4.3-0.9-4.3-2.4-3.6-3.6-2.4-4.3-0.9-4.3 0.9-3.6 2.4-2.4 3.6-0.9 4.3q0 3.6 2.1 6.6l-1.4 4.2 4.3-1.4q2.8 1.9 6.2 1.9zM14 2.2q2.7 0 5.2 1.1t4.3 2.9 2.9 4.3 1.1 5.2-1.1 5.2-2.9 4.3-4.3 2.9-5.2 1.1q-3.5 0-6.5-1.7l-7.4 2.4 2.4-7.2q-1.9-3.2-1.9-6.9 0-2.7 1.1-5.2t2.9-4.3 4.3-2.9 5.2-1.1z\"\/><\/svg><\/span><\/a><\/li><li class=\"shariff-button rss\" style=\"background-color:#000000\"><a href=\"https:\/\/andrea-oeynhausen.de\/diy\/feed\/rss\/\" title=\"RSS-feed\" aria-label=\"RSS-feed\" role=\"button\" class=\"shariff-link\" style=\"; background-color:#6699CC; color:#fff\" target=\"_blank\"><span class=\"shariff-icon\" style=\"\"><svg width=\"32px\" height=\"20px\" xmlns=\"http:\/\/www.w3.org\/2000\/svg\" viewBox=\"0 0 32 32\"><path fill=\"#fe9312\" d=\"M4.3 23.5c-2.3 0-4.3 1.9-4.3 4.3 0 2.3 1.9 4.2 4.3 4.2 2.4 0 4.3-1.9 4.3-4.2 0-2.3-1.9-4.3-4.3-4.3zM0 10.9v6.1c4 0 7.7 1.6 10.6 4.4 2.8 2.8 4.4 6.6 4.4 10.6h6.2c0-11.7-9.5-21.1-21.1-21.1zM0 0v6.1c14.2 0 25.8 11.6 25.8 25.9h6.2c0-17.6-14.4-32-32-32z\"\/><\/svg><\/span><\/a><\/li><li class=\"shariff-button sms shariff-mobile\" style=\"background-color:#000000\"><a href=\"sms:?&body=https%3A%2F%2Fandrea-oeynhausen.de%2Fdiy%2Fvorschau-privat-verkaeufe%2Frosenquarz-halskette%2F\" title=\"Per SMS teilen\" aria-label=\"Per SMS teilen\" role=\"button\" rel=\"noopener nofollow\" class=\"shariff-link\" style=\"; background-color:#6699CC; color:#fff\" target=\"_blank\"><span class=\"shariff-icon\" style=\"\"><svg xmlns=\"http:\/\/www.w3.org\/2000\/svg\" width=\"510\" height=\"510\" viewBox=\"0 0 510 510\"><path fill=\"#a1e877\" d=\"M459 0H51C23 0 0 23 0 51v459l102-102h357c28.1 0 51-22.9 51-51V51C510 23 487.1 0 459 0zM178.5 229.5h-51v-51h51V229.5zM280.5 229.5h-51v-51h51V229.5zM382.5 229.5h-51v-51h51V229.5z\"\/><\/svg><\/span><\/a><\/li><li class=\"shariff-button mailto\" style=\"background-color:#000000\"><a href=\"mailto:?body=https%3A%2F%2Fandrea-oeynhausen.de%2Fdiy%2Fvorschau-privat-verkaeufe%2Frosenquarz-halskette%2F&subject=Rosenquarz-Halskette\" title=\"Per E-Mail versenden\" aria-label=\"Per E-Mail versenden\" role=\"button\" rel=\"noopener nofollow\" class=\"shariff-link\" style=\"; background-color:#6699CC; color:#fff\"><span class=\"shariff-icon\" style=\"\"><svg width=\"32px\" height=\"20px\" xmlns=\"http:\/\/www.w3.org\/2000\/svg\" viewBox=\"0 0 32 32\"><path fill=\"#999\" d=\"M32 12.7v14.2q0 1.2-0.8 2t-2 0.9h-26.3q-1.2 0-2-0.9t-0.8-2v-14.2q0.8 0.9 1.8 1.6 6.5 4.4 8.9 6.1 1 0.8 1.6 1.2t1.7 0.9 2 0.4h0.1q0.9 0 2-0.4t1.7-0.9 1.6-1.2q3-2.2 8.9-6.1 1-0.7 1.8-1.6zM32 7.4q0 1.4-0.9 2.7t-2.2 2.2q-6.7 4.7-8.4 5.8-0.2 0.1-0.7 0.5t-1 0.7-0.9 0.6-1.1 0.5-0.9 0.2h-0.1q-0.4 0-0.9-0.2t-1.1-0.5-0.9-0.6-1-0.7-0.7-0.5q-1.6-1.1-4.7-3.2t-3.6-2.6q-1.1-0.7-2.1-2t-1-2.5q0-1.4 0.7-2.3t2.1-0.9h26.3q1.2 0 2 0.8t0.9 2z\"\/><\/svg><\/span><\/a><\/li><li class=\"shariff-button printer\" style=\"background-color:#000000\"><a href=\"javascript:window.print()\" title=\"drucken\" aria-label=\"drucken\" role=\"button\" rel=\"noopener nofollow\" class=\"shariff-link\" style=\"; background-color:#6699CC; color:#fff\"><span class=\"shariff-icon\" style=\"\"><svg width=\"32px\" height=\"20px\" xmlns=\"http:\/\/www.w3.org\/2000\/svg\" viewBox=\"0 0 30 32\"><path fill=\"#999\" d=\"M6.8 27.4h16v-4.6h-16v4.6zM6.8 16h16v-6.8h-2.8q-0.7 0-1.2-0.5t-0.5-1.2v-2.8h-11.4v11.4zM27.4 17.2q0-0.5-0.3-0.8t-0.8-0.4-0.8 0.4-0.3 0.8 0.3 0.8 0.8 0.3 0.8-0.3 0.3-0.8zM29.7 17.2v7.4q0 0.2-0.2 0.4t-0.4 0.2h-4v2.8q0 0.7-0.5 1.2t-1.2 0.5h-17.2q-0.7 0-1.2-0.5t-0.5-1.2v-2.8h-4q-0.2 0-0.4-0.2t-0.2-0.4v-7.4q0-1.4 1-2.4t2.4-1h1.2v-9.7q0-0.7 0.5-1.2t1.2-0.5h12q0.7 0 1.6 0.4t1.3 0.8l2.7 2.7q0.5 0.5 0.9 1.4t0.4 1.6v4.6h1.1q1.4 0 2.4 1t1 2.4z\"\/><\/svg><\/span><\/a><\/li><li class=\"shariff-button info\" style=\"background-color:#000000\"><a href=\"https:\/\/wordpress.org\/plugins\/shariff\/\" title=\"Infos zu den DSGVO-freundlichen Shariff-Buttons\" aria-label=\"Infos zu den DSGVO-freundlichen Shariff-Buttons\" role=\"button\" rel=\"noopener \" class=\"shariff-link\" style=\"; background-color:#6699CC; color:#fff\" target=\"_blank\"><span class=\"shariff-icon\" style=\"\"><svg width=\"32px\" height=\"20px\" xmlns=\"http:\/\/www.w3.org\/2000\/svg\" viewBox=\"0 0 11 32\"><path fill=\"#999\" d=\"M11.4 24v2.3q0 0.5-0.3 0.8t-0.8 0.4h-9.1q-0.5 0-0.8-0.4t-0.4-0.8v-2.3q0-0.5 0.4-0.8t0.8-0.4h1.1v-6.8h-1.1q-0.5 0-0.8-0.4t-0.4-0.8v-2.3q0-0.5 0.4-0.8t0.8-0.4h6.8q0.5 0 0.8 0.4t0.4 0.8v10.3h1.1q0.5 0 0.8 0.4t0.3 0.8zM9.2 3.4v3.4q0 0.5-0.4 0.8t-0.8 0.4h-4.6q-0.4 0-0.8-0.4t-0.4-0.8v-3.4q0-0.4 0.4-0.8t0.8-0.4h4.6q0.5 0 0.8 0.4t0.4 0.8z\"\/><\/svg><\/span><\/a><\/li><\/ul><\/div>","protected":false},"excerpt":{"rendered":"<p>Zum Vergr\u00f6\u00dfern bitte auf die gro\u00dfen Bilder klicken\u2191 Update Juni 25: Die Kette hat eine sehr liebe, neue Besitzerin gefunden \ud83d\ude42 Aus dem Nachlass meiner Mutter Dieser handgearbeitete Schmuck ist bereits \u00fcber 60 Jahre alt, das Silber angelaufen (wie man leicht sehen kann). Falls nicht anders gew\u00fcnscht, belasse ich es auch so, abgesehen von einer &hellip; <\/p>\n<p class=\"link-more\"><a href=\"https:\/\/andrea-oeynhausen.de\/diy\/vorschau-privat-verkaeufe\/rosenquarz-halskette\/\" class=\"more-link\"><span class=\"screen-reader-text\">\u201eRosenquarz-Halskette\u201c<\/span> weiterlesen<\/a><\/p>\n","protected":false},"author":1,"featured_media":0,"parent":864,"menu_order":0,"comment_status":"closed","ping_status":"closed","template":"","meta":{"iawp_total_views":25},"_links":{"self":[{"href":"https:\/\/andrea-oeynhausen.de\/diy\/wp-json\/wp\/v2\/pages\/862"}],"collection":[{"href":"https:\/\/andrea-oeynhausen.de\/diy\/wp-json\/wp\/v2\/pages"}],"about":[{"href":"https:\/\/andrea-oeynhausen.de\/diy\/wp-json\/wp\/v2\/types\/page"}],"author":[{"embeddable":true,"href":"https:\/\/andrea-oeynhausen.de\/diy\/wp-json\/wp\/v2\/users\/1"}],"replies":[{"embeddable":true,"href":"https:\/\/andrea-oeynhausen.de\/diy\/wp-json\/wp\/v2\/comments?post=862"}],"version-history":[{"count":14,"href":"https:\/\/andrea-oeynhausen.de\/diy\/wp-json\/wp\/v2\/pages\/862\/revisions"}],"predecessor-version":[{"id":969,"href":"https:\/\/andrea-oeynhausen.de\/diy\/wp-json\/wp\/v2\/pages\/862\/revisions\/969"}],"up":[{"embeddable":true,"href":"https:\/\/andrea-oeynhausen.de\/diy\/wp-json\/wp\/v2\/pages\/864"}],"wp:attachment":[{"href":"https:\/\/andrea-oeynhausen.de\/diy\/wp-json\/wp\/v2\/media?parent=862"}],"curies":[{"name":"wp","href":"https:\/\/api.w.org\/{rel}","templated":true}]}}